{"id":3359,"date":"2023-05-24T18:37:00","date_gmt":"2023-05-24T16:37:00","guid":{"rendered":"https:\/\/apartamentosleoncillos.com\/experiences-in-seville\/"},"modified":"2023-06-14T15:18:38","modified_gmt":"2023-06-14T13:18:38","slug":"experiences-in-seville","status":"publish","type":"page","link":"https:\/\/apartamentosleoncillos.com\/en\/experiences-in-seville\/","title":{"rendered":"Experiences in Seville"},"content":{"rendered":"\t\t<div data-elementor-type=\"wp-page\" data-elementor-id=\"3359\" class=\"elementor elementor-3359 elementor-2308\" data-elementor-post-type=\"page\">\n\t\t\t\t<div data-dce-background-image-url=\"https:\/\/apartamentosleoncillos.com\/wp-content\/uploads\/2023\/05\/visita-sevilla-experiencias.jpg\" class=\"elementor-element elementor-element-ea37f8a e-con-full e-flex e-con e-parent\" data-id=\"ea37f8a\" data-element_type=\"container\" data-settings=\"{&quot;background_background&quot;:&quot;classic&quot;,&quot;jet_parallax_layout_list&quot;:[]}\">\n\t\t\t\t<div class=\"elementor-element elementor-element-81475aa titulo-imagen elementor-widget elementor-widget-heading\" data-id=\"81475aa\" data-element_type=\"widget\" data-widget_type=\"heading.default\">\n\t\t\t\t<div class=\"elementor-widget-container\">\n\t\t\t<h1 class=\"elementor-heading-title elementor-size-default\">Experiences in Seville<\/h1>\t\t<\/div>\n\t\t\t\t<\/div>\n\t\t\t\t<\/div>\n\t\t<div class=\"elementor-element elementor-element-268e605 text-justify e-flex e-con-boxed e-con e-parent\" data-id=\"268e605\" data-element_type=\"container\" data-settings=\"{&quot;jet_parallax_layout_list&quot;:[]}\">\n\t\t\t\t\t<div class=\"e-con-inner\">\n\t\t\t\t<div class=\"elementor-element elementor-element-1d57cda elementor-widget elementor-widget-text-editor\" data-id=\"1d57cda\" data-element_type=\"widget\" data-widget_type=\"text-editor.default\">\n\t\t\t\t<div class=\"elementor-widget-container\">\n\t\t\t\t\t\t\t<p>The building is located on Leoncillos Street, in the <strong>neighborhood of Santa Catalina<\/strong>, in the vicinity of one of the ancient city gates (Puerta Osario), within the <strong>historical center of the city<\/strong>. This location on the outskirts of the ancient walled city is advantageous for street parking and places it within a 10 to 15-minute walking distance from the central train station of Seville (Santa Justa).<\/p>\n<p>Near the building, at a distance of just 200 meters, you will find one of the most beautiful &#8220;<strong>corrales de Vecinos<\/strong>&#8221; (traditional communal courtyards) that the city preserves, known as &#8220;Corral del Conde.&#8221; Also, very close to the building, within a 3-minute walk, you will find one of the most incredible Sevillian palaces in the city, the <strong>&#8220;Casa Pilatos&#8221; Palace<\/strong>.<\/p>\n<p>The area is characterized by a large number of <strong>convents<\/strong> where pastries and sweets are sold.<\/p>\n<p><strong>The Cathedral, the Giralda, and the Alc\u00e1zar<\/strong> are located 12 minutes away from the building.<\/p>\n<p>The modern <strong>Metropol Parasol<\/strong>, also known as the &#8220;Seville Mushrooms&#8221;, is also very close, just a 5-minute walk away. At the Metropol, there is a market for fresh produce. There is also a large supermarket open from 9:30 am to 9:30 pm from Monday to Saturday, located 6 minutes away. Additionally, there is an Arrefour Express located 2 minutes away, which is open every day of the week from 10:00 am to 11:00 pm.<\/p>\n<p>In the area, there are good <strong>restaurants<\/strong> such as El Rinconcillo, Becerrita, Baco, and El Traga, as well as <strong>traditional bars<\/strong> like Entre Dos Hermandades and Los Claveles. You also have two supermarkets very close to the building. One is a small one that opens every day until 11:00 pm, and the other is a larger one that opens from Monday to Saturday until 9:30 pm.<\/p>\n<p>The most important monuments of the city are located within a 10 to 12-minute walking distance. However, for those who prefer to use public transportation, there is a bus stop for the C5 bus just 100 meters away from the building. This bus connects the building with all the city&#8217;s monuments, including Casa Pilatos, Iglesia del Salvador, Catedral y Giralda, Plaza de Toros de la Maestranza, Torre del Oro, Palacio San Telmo, Plaza de Espa\u00f1a, Alc\u00e1zar, Museo de Bellas Artes, Alameda de H\u00e9rcules, Mercado de la Calle Feria, Iglesia de San Luis de los Franceses, and Metropol Parasol.<\/p>\n\t\t\t\t\t\t<\/div>\n\t\t\t\t<\/div>\n\t\t\t\t\t<\/div>\n\t\t\t\t<\/div>\n\t\t<div class=\"elementor-element elementor-element-a3c9202 e-flex e-con-boxed e-con e-parent\" data-id=\"a3c9202\" data-element_type=\"container\" data-settings=\"{&quot;jet_parallax_layout_list&quot;:[]}\">\n\t\t\t\t\t<div class=\"e-con-inner\">\n\t\t\t\t<div class=\"elementor-element elementor-element-db0ef74 elementor-tabs-alignment-center elementor-tabs-view-horizontal elementor-widget elementor-widget-tabs\" data-id=\"db0ef74\" data-element_type=\"widget\" data-widget_type=\"tabs.default\">\n\t\t\t\t<div class=\"elementor-widget-container\">\n\t\t\t\t\t<div class=\"elementor-tabs\">\n\t\t\t<div class=\"elementor-tabs-wrapper\" role=\"tablist\" >\n\t\t\t\t\t\t\t\t\t<div id=\"elementor-tab-title-2291\" class=\"elementor-tab-title elementor-tab-desktop-title\" aria-selected=\"true\" data-tab=\"1\" role=\"tab\" tabindex=\"0\" aria-controls=\"elementor-tab-content-2291\" aria-expanded=\"false\">Places of interest<\/div>\n\t\t\t\t\t\t\t\t\t<div id=\"elementor-tab-title-2292\" class=\"elementor-tab-title elementor-tab-desktop-title\" aria-selected=\"false\" data-tab=\"2\" role=\"tab\" tabindex=\"-1\" aria-controls=\"elementor-tab-content-2292\" aria-expanded=\"false\">Restaurants and supermarkets<\/div>\n\t\t\t\t\t\t\t\t\t<div id=\"elementor-tab-title-2293\" class=\"elementor-tab-title elementor-tab-desktop-title\" aria-selected=\"false\" data-tab=\"3\" role=\"tab\" tabindex=\"-1\" aria-controls=\"elementor-tab-content-2293\" aria-expanded=\"false\">Public transport<\/div>\n\t\t\t\t\t\t\t<\/div>\n\t\t\t<div class=\"elementor-tabs-content-wrapper\" role=\"tablist\" aria-orientation=\"vertical\">\n\t\t\t\t\t\t\t\t\t<div class=\"elementor-tab-title elementor-tab-mobile-title\" aria-selected=\"true\" data-tab=\"1\" role=\"tab\" tabindex=\"0\" aria-controls=\"elementor-tab-content-2291\" aria-expanded=\"false\">Places of interest<\/div>\n\t\t\t\t\t<div id=\"elementor-tab-content-2291\" class=\"elementor-tab-content elementor-clearfix\" data-tab=\"1\" role=\"tabpanel\" aria-labelledby=\"elementor-tab-title-2291\" tabindex=\"0\" hidden=\"false\">\n<\/div>\n\t\t\t\t\t\t\t\t\t<div class=\"elementor-tab-title elementor-tab-mobile-title\" aria-selected=\"false\" data-tab=\"2\" role=\"tab\" tabindex=\"-1\" aria-controls=\"elementor-tab-content-2292\" aria-expanded=\"false\">Restaurants and supermarkets<\/div>\n\t\t\t\t\t<div id=\"elementor-tab-content-2292\" class=\"elementor-tab-content elementor-clearfix\" data-tab=\"2\" role=\"tabpanel\" aria-labelledby=\"elementor-tab-title-2292\" tabindex=\"0\" hidden=\"hidden\">\n<\/div>\n\t\t\t\t\t\t\t\t\t<div class=\"elementor-tab-title elementor-tab-mobile-title\" aria-selected=\"false\" data-tab=\"3\" role=\"tab\" tabindex=\"-1\" aria-controls=\"elementor-tab-content-2293\" aria-expanded=\"false\">Public transport<\/div>\n\t\t\t\t\t<div id=\"elementor-tab-content-2293\" class=\"elementor-tab-content elementor-clearfix\" data-tab=\"3\" role=\"tabpanel\" aria-labelledby=\"elementor-tab-title-2293\" tabindex=\"0\" hidden=\"hidden\">\n<\/div>\n\t\t\t\t\t\t\t<\/div>\n\t\t<\/div>\n\t\t\t\t<\/div>\n\t\t\t\t<\/div>\n\t\t\t\t\t<\/div>\n\t\t\t\t<\/div>\n\t\t<div class=\"elementor-element elementor-element-2796d8c e-flex e-con-boxed e-con e-parent\" data-id=\"2796d8c\" data-element_type=\"container\" data-settings=\"{&quot;background_background&quot;:&quot;classic&quot;,&quot;jet_parallax_layout_list&quot;:[]}\">\n\t\t\t\t\t<div class=\"e-con-inner\">\n\t\t<div class=\"elementor-element elementor-element-3ed171f e-con-full e-flex e-con e-child\" data-id=\"3ed171f\" data-element_type=\"container\" id=\"imagenes-turify\" data-settings=\"{&quot;jet_parallax_layout_list&quot;:[]}\">\n\t\t\t\t<div class=\"elementor-element elementor-element-06da4a7 gallery-spacing-custom elementor-widget elementor-widget-image-gallery\" data-id=\"06da4a7\" data-element_type=\"widget\" data-widget_type=\"image-gallery.default\">\n\t\t\t\t<div class=\"elementor-widget-container\">\n\t\t\t\t\t<div class=\"elementor-image-gallery\">\n\t\t\t<div id='gallery-1' class='gallery galleryid-3359 gallery-columns-2 gallery-size-medium'><figure class='gallery-item'>\n\t\t\t<div class='gallery-icon landscape'>\n\t\t\t\t<img fetchpriority=\"high\" decoding=\"async\" width=\"300\" height=\"246\" src=\"https:\/\/apartamentosleoncillos.com\/wp-content\/uploads\/2023\/05\/catedral-de-sevilla-entradas-1_listado-300x246.webp\" class=\"attachment-medium size-medium\" alt=\"\" srcset=\"https:\/\/apartamentosleoncillos.com\/wp-content\/uploads\/2023\/05\/catedral-de-sevilla-entradas-1_listado-300x246.webp 300w, https:\/\/apartamentosleoncillos.com\/wp-content\/uploads\/2023\/05\/catedral-de-sevilla-entradas-1_listado.webp 750w\" sizes=\"(max-width: 300px) 100vw, 300px\" \/>\n\t\t\t<\/div><\/figure><figure class='gallery-item'>\n\t\t\t<div class='gallery-icon landscape'>\n\t\t\t\t<img decoding=\"async\" width=\"300\" height=\"246\" src=\"https:\/\/apartamentosleoncillos.com\/wp-content\/uploads\/2023\/05\/tour-privado-alcazar-de-sevilla-y-barrio-de-santa-cruz-1_listado-300x246.webp\" class=\"attachment-medium size-medium\" alt=\"\" srcset=\"https:\/\/apartamentosleoncillos.com\/wp-content\/uploads\/2023\/05\/tour-privado-alcazar-de-sevilla-y-barrio-de-santa-cruz-1_listado-300x246.webp 300w, https:\/\/apartamentosleoncillos.com\/wp-content\/uploads\/2023\/05\/tour-privado-alcazar-de-sevilla-y-barrio-de-santa-cruz-1_listado.webp 750w\" sizes=\"(max-width: 300px) 100vw, 300px\" \/>\n\t\t\t<\/div><\/figure><figure class='gallery-item'>\n\t\t\t<div class='gallery-icon landscape'>\n\t\t\t\t<img decoding=\"async\" width=\"300\" height=\"246\" src=\"https:\/\/apartamentosleoncillos.com\/wp-content\/uploads\/2023\/05\/flamenco-tour-sevilla-300x246.jpg\" class=\"attachment-medium size-medium\" alt=\"\" srcset=\"https:\/\/apartamentosleoncillos.com\/wp-content\/uploads\/2023\/05\/flamenco-tour-sevilla-300x246.jpg 300w, https:\/\/apartamentosleoncillos.com\/wp-content\/uploads\/2023\/05\/flamenco-tour-sevilla.jpg 750w\" sizes=\"(max-width: 300px) 100vw, 300px\" \/>\n\t\t\t<\/div><\/figure><figure class='gallery-item'>\n\t\t\t<div class='gallery-icon landscape'>\n\t\t\t\t<img loading=\"lazy\" decoding=\"async\" width=\"300\" height=\"246\" src=\"https:\/\/apartamentosleoncillos.com\/wp-content\/uploads\/2023\/05\/dsc8444-2_listado-300x246.webp\" class=\"attachment-medium size-medium\" alt=\"\" srcset=\"https:\/\/apartamentosleoncillos.com\/wp-content\/uploads\/2023\/05\/dsc8444-2_listado-300x246.webp 300w, https:\/\/apartamentosleoncillos.com\/wp-content\/uploads\/2023\/05\/dsc8444-2_listado.webp 750w\" sizes=\"(max-width: 300px) 100vw, 300px\" \/>\n\t\t\t<\/div><\/figure>\n\t\t<\/div>\n\t\t<\/div>\n\t\t\t\t<\/div>\n\t\t\t\t<\/div>\n\t\t\t\t<\/div>\n\t\t<div class=\"elementor-element elementor-element-31d77e8 e-con-full e-flex e-con e-child\" data-id=\"31d77e8\" data-element_type=\"container\" data-settings=\"{&quot;jet_parallax_layout_list&quot;:[]}\">\n\t\t\t\t<div class=\"elementor-element elementor-element-fb00b59 elementor-widget elementor-widget-heading\" data-id=\"fb00b59\" data-element_type=\"widget\" data-widget_type=\"heading.default\">\n\t\t\t\t<div class=\"elementor-widget-container\">\n\t\t\t<h4 class=\"elementor-heading-title elementor-size-default\"><a href=\"https:\/\/sevilla-guest.experience.turify.net\/?ref=iberental_inmoinversiones\" target=\"_blank\" rel=\"nofollow\">Do you want to book experiences in Seville?<br>We recommend booking them at...<\/a><\/h4>\t\t<\/div>\n\t\t\t\t<\/div>\n\t\t\t\t<div class=\"elementor-element elementor-element-886dadf elementor-widget elementor-widget-image\" data-id=\"886dadf\" data-element_type=\"widget\" data-widget_type=\"image.default\">\n\t\t\t\t<div class=\"elementor-widget-container\">\n\t\t\t\t\t\t\t\t\t\t\t\t\t\t<a href=\"https:\/\/sevilla-guest.experience.turify.net\/?ref=iberental_inmoinversiones\" target=\"_blank\" rel=\"nofollow\">\n\t\t\t\t\t\t\t<img loading=\"lazy\" decoding=\"async\" width=\"165\" height=\"60\" src=\"https:\/\/apartamentosleoncillos.com\/wp-content\/uploads\/2023\/05\/turify.png\" class=\"elementor-animation-grow attachment-full size-full wp-image-2329\" alt=\"Turify\" \/>\t\t\t\t\t\t\t\t<\/a>\n\t\t\t\t\t\t\t\t\t\t\t\t\t<\/div>\n\t\t\t\t<\/div>\n\t\t\t\t<\/div>\n\t\t\t\t\t<\/div>\n\t\t\t\t<\/div>\n\t\t\t\t<\/div>\n\t\t","protected":false},"excerpt":{"rendered":"<p>The building is located on Leoncillos Street, in the neighborhood of Santa Catalina, in the vicinity of one of the ancient city gates (Puerta Osario), within the historical center of the city. This location on the outskirts of the ancient walled city is advantageous for street parking and places it within a 10 to 15-minute [&hellip;]<\/p>\n","protected":false},"author":1,"featured_media":0,"parent":0,"menu_order":20,"comment_status":"closed","ping_status":"closed","template":"","meta":{"site-sidebar-layout":"no-sidebar","site-content-layout":"page-builder","ast-site-content-layout":"","site-content-style":"default","site-sidebar-style":"default","ast-global-header-display":"","ast-banner-title-visibility":"","ast-main-header-display":"","ast-hfb-above-header-display":"","ast-hfb-below-header-display":"","ast-hfb-mobile-header-display":"","site-post-title":"disabled","ast-breadcrumbs-content":"","ast-featured-img":"disabled","footer-sml-layout":"","theme-transparent-header-meta":"","adv-header-id-meta":"","stick-header-meta":"","header-above-stick-meta":"","header-main-stick-meta":"","header-below-stick-meta":"","astra-migrate-meta-layouts":"default","ast-page-background-enabled":"default","ast-page-background-meta":{"desktop":{"background-color":"var(--ast-global-color-4)","background-image":"","background-repeat":"repeat","background-position":"center center","background-size":"auto","background-attachment":"scroll","background-type":"","background-media":"","overlay-type":"","overlay-color":"","overlay-opacity":"","overlay-gradient":""},"tablet":{"background-color":"","background-image":"","background-repeat":"repeat","background-position":"center center","background-size":"auto","background-attachment":"scroll","background-type":"","background-media":"","overlay-type":"","overlay-color":"","overlay-opacity":"","overlay-gradient":""},"mobile":{"background-color":"","background-image":"","background-repeat":"repeat","background-position":"center center","background-size":"auto","background-attachment":"scroll","background-type":"","background-media":"","overlay-type":"","overlay-color":"","overlay-opacity":"","overlay-gradient":""}},"ast-content-background-meta":{"desktop":{"background-color":"var(--ast-global-color-5)","background-image":"","background-repeat":"repeat","background-position":"center center","background-size":"auto","background-attachment":"scroll","background-type":"","background-media":"","overlay-type":"","overlay-color":"","overlay-opacity":"","overlay-gradient":""},"tablet":{"background-color":"var(--ast-global-color-5)","background-image":"","background-repeat":"repeat","background-position":"center center","background-size":"auto","background-attachment":"scroll","background-type":"","background-media":"","overlay-type":"","overlay-color":"","overlay-opacity":"","overlay-gradient":""},"mobile":{"background-color":"var(--ast-global-color-5)","background-image":"","background-repeat":"repeat","background-position":"center center","background-size":"auto","background-attachment":"scroll","background-type":"","background-media":"","overlay-type":"","overlay-color":"","overlay-opacity":"","overlay-gradient":""}},"footnotes":""},"class_list":["post-3359","page","type-page","status-publish","hentry"],"yoast_head":"<!-- This site is optimized with the Yoast SEO plugin v23.4 - https:\/\/yoast.com\/wordpress\/plugins\/seo\/ -->\n<title>Experiences in Seville &#8226; Leoncillos Apartments Seville<\/title>\n<meta name=\"description\" content=\"Discover unforgettable experiences in Seville when you stay at Apartamentos Leoncillos, your ideal destination for an unforgettable vacation.\" \/>\n<meta name=\"robots\" content=\"index, follow, max-snippet:-1, max-image-preview:large, max-video-preview:-1\" \/>\n<link rel=\"canonical\" href=\"https:\/\/apartamentosleoncillos.com\/en\/experiences-in-seville\/\" \/>\n<meta property=\"og:locale\" content=\"en_US\" \/>\n<meta property=\"og:type\" content=\"article\" \/>\n<meta property=\"og:title\" content=\"Experiences in Seville &#8226; Leoncillos Apartments Seville\" \/>\n<meta property=\"og:description\" content=\"Discover unforgettable experiences in Seville when you stay at Apartamentos Leoncillos, your ideal destination for an unforgettable vacation.\" \/>\n<meta property=\"og:url\" content=\"https:\/\/apartamentosleoncillos.com\/en\/experiences-in-seville\/\" \/>\n<meta property=\"og:site_name\" content=\"Leoncillos Apartments\" \/>\n<meta property=\"article:modified_time\" content=\"2023-06-14T13:18:38+00:00\" \/>\n<meta property=\"og:image\" content=\"https:\/\/apartamentosleoncillos.com\/wp-content\/uploads\/2023\/05\/catedral-de-sevilla-entradas-1_listado-300x246.webp\" \/>\n<meta name=\"twitter:card\" content=\"summary_large_image\" \/>\n<meta name=\"twitter:label1\" content=\"Est. reading time\" \/>\n\t<meta name=\"twitter:data1\" content=\"2 minutes\" \/>\n<script type=\"application\/ld+json\" class=\"yoast-schema-graph\">{\"@context\":\"https:\/\/schema.org\",\"@graph\":[{\"@type\":\"WebPage\",\"@id\":\"https:\/\/apartamentosleoncillos.com\/en\/experiences-in-seville\/\",\"url\":\"https:\/\/apartamentosleoncillos.com\/en\/experiences-in-seville\/\",\"name\":\"Experiences in Seville &#8226; Leoncillos Apartments Seville\",\"isPartOf\":{\"@id\":\"https:\/\/apartamentosleoncillos.com\/en\/#website\"},\"primaryImageOfPage\":{\"@id\":\"https:\/\/apartamentosleoncillos.com\/en\/experiences-in-seville\/#primaryimage\"},\"image\":{\"@id\":\"https:\/\/apartamentosleoncillos.com\/en\/experiences-in-seville\/#primaryimage\"},\"thumbnailUrl\":\"https:\/\/apartamentosleoncillos.com\/wp-content\/uploads\/2023\/05\/catedral-de-sevilla-entradas-1_listado-300x246.webp\",\"datePublished\":\"2023-05-24T16:37:00+00:00\",\"dateModified\":\"2023-06-14T13:18:38+00:00\",\"description\":\"Discover unforgettable experiences in Seville when you stay at Apartamentos Leoncillos, your ideal destination for an unforgettable vacation.\",\"breadcrumb\":{\"@id\":\"https:\/\/apartamentosleoncillos.com\/en\/experiences-in-seville\/#breadcrumb\"},\"inLanguage\":\"en-US\",\"potentialAction\":[{\"@type\":\"ReadAction\",\"target\":[\"https:\/\/apartamentosleoncillos.com\/en\/experiences-in-seville\/\"]}]},{\"@type\":\"ImageObject\",\"inLanguage\":\"en-US\",\"@id\":\"https:\/\/apartamentosleoncillos.com\/en\/experiences-in-seville\/#primaryimage\",\"url\":\"https:\/\/apartamentosleoncillos.com\/wp-content\/uploads\/2023\/05\/catedral-de-sevilla-entradas-1_listado-300x246.webp\",\"contentUrl\":\"https:\/\/apartamentosleoncillos.com\/wp-content\/uploads\/2023\/05\/catedral-de-sevilla-entradas-1_listado-300x246.webp\"},{\"@type\":\"BreadcrumbList\",\"@id\":\"https:\/\/apartamentosleoncillos.com\/en\/experiences-in-seville\/#breadcrumb\",\"itemListElement\":[{\"@type\":\"ListItem\",\"position\":1,\"name\":\"Home\",\"item\":\"https:\/\/apartamentosleoncillos.com\/en\/\"},{\"@type\":\"ListItem\",\"position\":2,\"name\":\"Experiences in Seville\"}]},{\"@type\":\"WebSite\",\"@id\":\"https:\/\/apartamentosleoncillos.com\/en\/#website\",\"url\":\"https:\/\/apartamentosleoncillos.com\/en\/\",\"name\":\"Leoncillos Apartments\",\"description\":\"SEVILLE\",\"publisher\":{\"@id\":\"https:\/\/apartamentosleoncillos.com\/en\/#organization\"},\"alternateName\":\"Apartamentos Leoncillos Sevilla\",\"potentialAction\":[{\"@type\":\"SearchAction\",\"target\":{\"@type\":\"EntryPoint\",\"urlTemplate\":\"https:\/\/apartamentosleoncillos.com\/en\/?s={search_term_string}\"},\"query-input\":{\"@type\":\"PropertyValueSpecification\",\"valueRequired\":true,\"valueName\":\"search_term_string\"}}],\"inLanguage\":\"en-US\"},{\"@type\":\"Organization\",\"@id\":\"https:\/\/apartamentosleoncillos.com\/en\/#organization\",\"name\":\"Lanza Apartments\",\"alternateName\":\"Apartamentos Leoncillos Sevilla\",\"url\":\"https:\/\/apartamentosleoncillos.com\/en\/\",\"logo\":{\"@type\":\"ImageObject\",\"inLanguage\":\"en-US\",\"@id\":\"https:\/\/apartamentosleoncillos.com\/en\/#\/schema\/logo\/image\/\",\"url\":\"https:\/\/apartamentosleoncillos.com\/wp-content\/uploads\/2023\/05\/cropped-android-chrome-512x512-1.png\",\"contentUrl\":\"https:\/\/apartamentosleoncillos.com\/wp-content\/uploads\/2023\/05\/cropped-android-chrome-512x512-1.png\",\"width\":512,\"height\":512,\"caption\":\"Lanza Apartments\"},\"image\":{\"@id\":\"https:\/\/apartamentosleoncillos.com\/en\/#\/schema\/logo\/image\/\"}}]}<\/script>\n<!-- \/ Yoast SEO plugin. -->","yoast_head_json":{"title":"Experiences in Seville &#8226; Leoncillos Apartments Seville","description":"Discover unforgettable experiences in Seville when you stay at Apartamentos Leoncillos, your ideal destination for an unforgettable vacation.","robots":{"index":"index","follow":"follow","max-snippet":"max-snippet:-1","max-image-preview":"max-image-preview:large","max-video-preview":"max-video-preview:-1"},"canonical":"https:\/\/apartamentosleoncillos.com\/en\/experiences-in-seville\/","og_locale":"en_US","og_type":"article","og_title":"Experiences in Seville &#8226; Leoncillos Apartments Seville","og_description":"Discover unforgettable experiences in Seville when you stay at Apartamentos Leoncillos, your ideal destination for an unforgettable vacation.","og_url":"https:\/\/apartamentosleoncillos.com\/en\/experiences-in-seville\/","og_site_name":"Leoncillos Apartments","article_modified_time":"2023-06-14T13:18:38+00:00","og_image":[{"url":"https:\/\/apartamentosleoncillos.com\/wp-content\/uploads\/2023\/05\/catedral-de-sevilla-entradas-1_listado-300x246.webp"}],"twitter_card":"summary_large_image","twitter_misc":{"Est. reading time":"2 minutes"},"schema":{"@context":"https:\/\/schema.org","@graph":[{"@type":"WebPage","@id":"https:\/\/apartamentosleoncillos.com\/en\/experiences-in-seville\/","url":"https:\/\/apartamentosleoncillos.com\/en\/experiences-in-seville\/","name":"Experiences in Seville &#8226; Leoncillos Apartments Seville","isPartOf":{"@id":"https:\/\/apartamentosleoncillos.com\/en\/#website"},"primaryImageOfPage":{"@id":"https:\/\/apartamentosleoncillos.com\/en\/experiences-in-seville\/#primaryimage"},"image":{"@id":"https:\/\/apartamentosleoncillos.com\/en\/experiences-in-seville\/#primaryimage"},"thumbnailUrl":"https:\/\/apartamentosleoncillos.com\/wp-content\/uploads\/2023\/05\/catedral-de-sevilla-entradas-1_listado-300x246.webp","datePublished":"2023-05-24T16:37:00+00:00","dateModified":"2023-06-14T13:18:38+00:00","description":"Discover unforgettable experiences in Seville when you stay at Apartamentos Leoncillos, your ideal destination for an unforgettable vacation.","breadcrumb":{"@id":"https:\/\/apartamentosleoncillos.com\/en\/experiences-in-seville\/#breadcrumb"},"inLanguage":"en-US","potentialAction":[{"@type":"ReadAction","target":["https:\/\/apartamentosleoncillos.com\/en\/experiences-in-seville\/"]}]},{"@type":"ImageObject","inLanguage":"en-US","@id":"https:\/\/apartamentosleoncillos.com\/en\/experiences-in-seville\/#primaryimage","url":"https:\/\/apartamentosleoncillos.com\/wp-content\/uploads\/2023\/05\/catedral-de-sevilla-entradas-1_listado-300x246.webp","contentUrl":"https:\/\/apartamentosleoncillos.com\/wp-content\/uploads\/2023\/05\/catedral-de-sevilla-entradas-1_listado-300x246.webp"},{"@type":"BreadcrumbList","@id":"https:\/\/apartamentosleoncillos.com\/en\/experiences-in-seville\/#breadcrumb","itemListElement":[{"@type":"ListItem","position":1,"name":"Home","item":"https:\/\/apartamentosleoncillos.com\/en\/"},{"@type":"ListItem","position":2,"name":"Experiences in Seville"}]},{"@type":"WebSite","@id":"https:\/\/apartamentosleoncillos.com\/en\/#website","url":"https:\/\/apartamentosleoncillos.com\/en\/","name":"Leoncillos Apartments","description":"SEVILLE","publisher":{"@id":"https:\/\/apartamentosleoncillos.com\/en\/#organization"},"alternateName":"Apartamentos Leoncillos Sevilla","potentialAction":[{"@type":"SearchAction","target":{"@type":"EntryPoint","urlTemplate":"https:\/\/apartamentosleoncillos.com\/en\/?s={search_term_string}"},"query-input":{"@type":"PropertyValueSpecification","valueRequired":true,"valueName":"search_term_string"}}],"inLanguage":"en-US"},{"@type":"Organization","@id":"https:\/\/apartamentosleoncillos.com\/en\/#organization","name":"Lanza Apartments","alternateName":"Apartamentos Leoncillos Sevilla","url":"https:\/\/apartamentosleoncillos.com\/en\/","logo":{"@type":"ImageObject","inLanguage":"en-US","@id":"https:\/\/apartamentosleoncillos.com\/en\/#\/schema\/logo\/image\/","url":"https:\/\/apartamentosleoncillos.com\/wp-content\/uploads\/2023\/05\/cropped-android-chrome-512x512-1.png","contentUrl":"https:\/\/apartamentosleoncillos.com\/wp-content\/uploads\/2023\/05\/cropped-android-chrome-512x512-1.png","width":512,"height":512,"caption":"Lanza Apartments"},"image":{"@id":"https:\/\/apartamentosleoncillos.com\/en\/#\/schema\/logo\/image\/"}}]}},"_links":{"self":[{"href":"https:\/\/apartamentosleoncillos.com\/en\/wp-json\/wp\/v2\/pages\/3359"}],"collection":[{"href":"https:\/\/apartamentosleoncillos.com\/en\/wp-json\/wp\/v2\/pages"}],"about":[{"href":"https:\/\/apartamentosleoncillos.com\/en\/wp-json\/wp\/v2\/types\/page"}],"author":[{"embeddable":true,"href":"https:\/\/apartamentosleoncillos.com\/en\/wp-json\/wp\/v2\/users\/1"}],"replies":[{"embeddable":true,"href":"https:\/\/apartamentosleoncillos.com\/en\/wp-json\/wp\/v2\/comments?post=3359"}],"version-history":[{"count":0,"href":"https:\/\/apartamentosleoncillos.com\/en\/wp-json\/wp\/v2\/pages\/3359\/revisions"}],"wp:attachment":[{"href":"https:\/\/apartamentosleoncillos.com\/en\/wp-json\/wp\/v2\/media?parent=3359"}],"curies":[{"name":"wp","href":"https:\/\/api.w.org\/{rel}","templated":true}]}}